{"id":2691,"date":"2021-03-14T12:42:57","date_gmt":"2021-03-14T11:42:57","guid":{"rendered":"http:\/\/juliannadiale.com\/?page_id=2691"},"modified":"2021-11-19T13:24:14","modified_gmt":"2021-11-19T12:24:14","slug":"patience","status":"publish","type":"page","link":"https:\/\/juliannadiale.com\/index.php\/patience\/","title":{"rendered":"Encore un peu de patience !"},"content":{"rendered":"\t\t<div data-elementor-type=\"wp-post\" data-elementor-id=\"2691\" class=\"elementor elementor-2691\" data-elementor-settings=\"{&quot;ha_cmc_init_switcher&quot;:&quot;no&quot;}\" data-elementor-post-type=\"page\">\n\t\t\t\t\t\t<section class=\"elementor-section elementor-top-section elementor-element elementor-element-589c192a elementor-section-boxed elementor-section-height-default elementor-section-height-default\" data-id=\"589c192a\" data-element_type=\"section\" data-e-type=\"section\" data-settings=\"{&quot;background_background&quot;:&quot;slideshow&quot;,&quot;background_slideshow_gallery&quot;:[{&quot;id&quot;:1860,&quot;url&quot;:&quot;https:\\\/\\\/juliannadiale.com\\\/wp-content\\\/uploads\\\/2020\\\/05\\\/shutterstock_315382943-scaled.jpg&quot;},{&quot;id&quot;:1859,&quot;url&quot;:&quot;https:\\\/\\\/juliannadiale.com\\\/wp-content\\\/uploads\\\/2020\\\/05\\\/shutterstock_315382922-scaled.jpg&quot;}],&quot;background_slideshow_slide_duration&quot;:10000,&quot;background_slideshow_transition_duration&quot;:600,&quot;background_slideshow_loop&quot;:&quot;yes&quot;,&quot;background_slideshow_slide_transition&quot;:&quot;fade&quot;,&quot;_ha_eqh_enable&quot;:false}\">\n\t\t\t\t\t\t<div class=\"elementor-container elementor-column-gap-no\">\n\t\t\t\t\t<div class=\"elementor-column elementor-col-100 elementor-top-column elementor-element elementor-element-1ea92dbd\" data-id=\"1ea92dbd\" data-element_type=\"column\" data-e-type=\"column\" data-settings=\"{&quot;background_background&quot;:&quot;classic&quot;}\">\n\t\t\t<div class=\"elementor-widget-wrap elementor-element-populated\">\n\t\t\t\t\t<div class=\"elementor-background-overlay\"><\/div>\n\t\t\t\t\t\t<section class=\"elementor-section elementor-inner-section elementor-element elementor-element-285df38 elementor-section-full_width elementor-section-height-default elementor-section-height-default\" data-id=\"285df38\" data-element_type=\"section\" data-e-type=\"section\" data-settings=\"{&quot;_ha_eqh_enable&quot;:false}\">\n\t\t\t\t\t\t<div class=\"elementor-container elementor-column-gap-default\">\n\t\t\t\t\t<div class=\"elementor-column elementor-col-100 elementor-inner-column elementor-element elementor-element-3db72768\" data-id=\"3db72768\" data-element_type=\"column\" data-e-type=\"column\">\n\t\t\t<div class=\"elementor-widget-wrap elementor-element-populated\">\n\t\t\t\t\t\t<div class=\"elementor-element elementor-element-40cd18d elementor-widget elementor-widget-heading\" data-id=\"40cd18d\" data-element_type=\"widget\" data-e-type=\"widget\" data-widget_type=\"heading.default\">\n\t\t\t\t<div class=\"elementor-widget-container\">\n\t\t\t\t\t<h2 class=\"elementor-heading-title elementor-size-default\">Julianna Diale<\/h2>\t\t\t\t<\/div>\n\t\t\t\t<\/div>\n\t\t\t\t\t<\/div>\n\t\t<\/div>\n\t\t\t\t\t<\/div>\n\t\t<\/section>\n\t\t\t\t<section class=\"elementor-section elementor-inner-section elementor-element elementor-element-73bf605b elementor-section-full_width elementor-section-height-default elementor-section-height-default\" data-id=\"73bf605b\" data-element_type=\"section\" data-e-type=\"section\" data-settings=\"{&quot;_ha_eqh_enable&quot;:false}\">\n\t\t\t\t\t\t<div class=\"elementor-container elementor-column-gap-default\">\n\t\t\t\t\t<div class=\"elementor-column elementor-col-50 elementor-inner-column elementor-element elementor-element-7cffa089\" data-id=\"7cffa089\" data-element_type=\"column\" data-e-type=\"column\" data-settings=\"{&quot;background_background&quot;:&quot;classic&quot;}\">\n\t\t\t<div class=\"elementor-widget-wrap\">\n\t\t\t\t\t<div class=\"elementor-background-overlay\"><\/div>\n\t\t\t\t\t\t\t<\/div>\n\t\t<\/div>\n\t\t\t\t<div class=\"elementor-column elementor-col-50 elementor-inner-column elementor-element elementor-element-2acfdada\" data-id=\"2acfdada\" data-element_type=\"column\" data-e-type=\"column\" data-settings=\"{&quot;background_background&quot;:&quot;classic&quot;}\">\n\t\t\t<div class=\"elementor-widget-wrap elementor-element-populated\">\n\t\t\t\t\t\t<div class=\"elementor-element elementor-element-21c7333d elementor-widget elementor-widget-heading\" data-id=\"21c7333d\" data-element_type=\"widget\" data-e-type=\"widget\" data-widget_type=\"heading.default\">\n\t\t\t\t<div class=\"elementor-widget-container\">\n\t\t\t\t\t<h2 class=\"elementor-heading-title elementor-size-xxl\">Hello&nbsp;!<\/h2>\t\t\t\t<\/div>\n\t\t\t\t<\/div>\n\t\t\t\t<div class=\"elementor-element elementor-element-631dc320 ha-has-bg-overlay elementor-widget elementor-widget-heading\" data-id=\"631dc320\" data-element_type=\"widget\" data-e-type=\"widget\" data-widget_type=\"heading.default\">\n\t\t\t\t<div class=\"elementor-widget-container\">\n\t\t\t\t\t<h2 class=\"elementor-heading-title elementor-size-default\">Bienvenue dans mon monde... ou presque&nbsp;!<\/h2>\t\t\t\t<\/div>\n\t\t\t\t<\/div>\n\t\t\t\t<div class=\"elementor-element elementor-element-f68629b elementor-widget elementor-widget-text-editor\" data-id=\"f68629b\" data-element_type=\"widget\" data-e-type=\"widget\" data-widget_type=\"text-editor.default\">\n\t\t\t\t<div class=\"elementor-widget-container\">\n\t\t\t\t\t\t\t\t\t<p>Je m&rsquo;appelle <b>\u00c9l\u00e9anore Dr\u00e9ant<\/b>, et j&rsquo;\u00e9cris des romans ou des nouvelles depuis que je sais tenir correctement un crayon.<\/p><p>Autant dire qu&rsquo;avant d&rsquo;avoir appris \u00e0 r\u00e9diger des phrases intelligibles, mes petites histoires \u00e9taient pour le moins n\u00e9buleuses \u00e0 qui essayait de les lire.<\/p><p>Rassurez-vous, j&rsquo;ai fait quelques progr\u00e8s depuis&#8230; enfin, j&rsquo;esp\u00e8re !<\/p><p>Ayant troqu\u00e9 mes crayons de couleur pour successivement un feutre turquoise, un stylo plume et maintenant un ordinateur, j&rsquo;aimerais\u00a0<b>partager avec vous ma passion<\/b>.<\/p><p>Vous trouverez donc sur ce site mes romans en acc\u00e8s <b>totalement libre et gratuit<\/b> ! Pas besoin de s&rsquo;inscrire ou de payer quoi que ce soit.\u00a0<\/p><p>Ponctuellement, j&rsquo;ajouterai aussi des nouvelles, des billets d&rsquo;humeur ou des coups de c\u0153ur sur le <strong>Blog de Julianna<\/strong>.<\/p><p>Je travaille actuellement sur <strong>trois gros projets<\/strong> :<\/p><ul><li>les cinq tomes des <strong>Enqu\u00eates de Julianna Diale<\/strong>,<\/li><li>un conte\/roman pour enfants qui s&rsquo;appellera <strong>Les enfants de l&rsquo;\u00e9clusier<\/strong>,<\/li><li>et enfin un petit album, lui aussi pour enfants, relatant les aventures de l&rsquo;intr\u00e9pide jack russell\u00a0<strong>Lucky Louki<\/strong>.<\/li><\/ul><p>Ces deux derniers projets seront <strong>illustr\u00e9s<\/strong>, et comme je ne suis pas particuli\u00e8rement dou\u00e9e pour cet exercice, \u00e7a prend du temps ! Ben oui, graphiste, c&rsquo;est un m\u00e9tier&#8230; et, vous l&rsquo;aurez compris, pas le mien !<\/p><p>Bref mon ordinateur, ma tablette graphique et moi avan\u00e7ons le plus rapidement possible pour finaliser ces trois projets, <strong>ouvrir le site rapidement<\/strong> et vous inviter \u00e0<strong> d\u00e9couvrir notre univers<\/strong> particuli\u00e8rement h\u00e9t\u00e9roclite, voire un poil farfelu sur les bords.<\/p><p>D\u00e8s que possible, je partagerai avec vous <strong>l&rsquo;avanc\u00e9e des travaux<\/strong> sur le Blog de Julianna et les r\u00e9seaux sociaux.<\/p><p>En attendant, n&rsquo;h\u00e9sitez pas \u00e0 <strong>me contacter par email<\/strong>. Je vous r\u00e9pondrai le plus rapidement possible.<\/p><p><span data-slate-object=\"text\" data-key=\"1883\" data-slate-fragment=\"JTdCJTIyb2JqZWN0JTIyJTNBJTIyZG9jdW1lbnQlMjIlMkMlMjJkYXRhJTIyJTNBJTdCJTdEJTJDJTIybm9kZXMlMjIlM0ElNUIlN0IlMjJvYmplY3QlMjIlM0ElMjJibG9jayUyMiUyQyUyMnR5cGUlMjIlM0ElMjJ6b25lJTIyJTJDJTIyZGF0YSUyMiUzQSU3QiU3RCUyQyUyMm5vZGVzJTIyJTNBJTVCJTdCJTIyb2JqZWN0JTIyJTNBJTIyYmxvY2slMjIlMkMlMjJ0eXBlJTIyJTNBJTIybGlnbmUlMjIlMkMlMjJkYXRhJTIyJTNBJTdCJTdEJTJDJTIybm9kZXMlMjIlM0ElNUIlN0IlMjJvYmplY3QlMjIlM0ElMjJibG9jayUyMiUyQyUyMnR5cGUlMjIlM0ElMjJkZWZhdWx0LWVsZW1lbnQlMjIlMkMlMjJkYXRhJTIyJTNBJTdCJTdEJTJDJTIybm9kZXMlMjIlM0ElNUIlN0IlMjJvYmplY3QlMjIlM0ElMjJ0ZXh0JTIyJTJDJTIydGV4dCUyMiUzQSUyMiVDMyU4MCUyMiUyQyUyMm1hcmtzJTIyJTNBJTVCJTdCJTIyb2JqZWN0JTIyJTNBJTIybWFyayUyMiUyQyUyMnR5cGUlMjIlM0ElMjJUcmFpdFZlcnQlMjIlMkMlMjJkYXRhJTIyJTNBJTdCJTdEJTdEJTVEJTdEJTJDJTdCJTIyb2JqZWN0JTIyJTNBJTIydGV4dCUyMiUyQyUyMnRleHQlMjIlM0ElMjIlMjAlMjIlMkMlMjJtYXJrcyUyMiUzQSU1QiU1RCU3RCU1RCU3RCU1RCU3RCU1RCU3RCU1RCU3RA==\">\u00c0<\/span> tr\u00e8s vite !<\/p>\t\t\t\t\t\t\t\t<\/div>\n\t\t\t\t<\/div>\n\t\t\t\t<div class=\"elementor-element elementor-element-5a4798ab elementor-widget elementor-widget-image\" data-id=\"5a4798ab\" data-element_type=\"widget\" data-e-type=\"widget\" data-widget_type=\"image.default\">\n\t\t\t\t<div class=\"elementor-widget-container\">\n\t\t\t\t\t\t\t\t\t\t\t\t\t\t\t<img fetchpriority=\"high\" decoding=\"async\" width=\"768\" height=\"105\" src=\"https:\/\/juliannadiale.com\/wp-content\/uploads\/2020\/03\/Signature-El\u00e9anore-Dr\u00e9ant-noire-768x105.png\" class=\"attachment-medium_large size-medium_large wp-image-1492\" alt=\"\" srcset=\"https:\/\/juliannadiale.com\/wp-content\/uploads\/2020\/03\/Signature-El\u00e9anore-Dr\u00e9ant-noire-768x105.png 768w, https:\/\/juliannadiale.com\/wp-content\/uploads\/2020\/03\/Signature-El\u00e9anore-Dr\u00e9ant-noire-300x41.png 300w, https:\/\/juliannadiale.com\/wp-content\/uploads\/2020\/03\/Signature-El\u00e9anore-Dr\u00e9ant-noire-800x110.png 800w, https:\/\/juliannadiale.com\/wp-content\/uploads\/2020\/03\/Signature-El\u00e9anore-Dr\u00e9ant-noire-600x82.png 600w, https:\/\/juliannadiale.com\/wp-content\/uploads\/2020\/03\/Signature-El\u00e9anore-Dr\u00e9ant-noire.png 1000w\" sizes=\"(max-width: 768px) 100vw, 768px\" \/>\t\t\t\t\t\t\t\t\t\t\t\t\t\t\t<\/div>\n\t\t\t\t<\/div>\n\t\t\t\t<div class=\"elementor-element elementor-element-358c93b8 ssd-button-group-align-center ssd-button-group-align-tablet-left ssd-button-group-align-mobile-left ssd-button-group-spacing-default elementor-widget elementor-widget-ssd_button_group\" data-id=\"358c93b8\" data-element_type=\"widget\" data-e-type=\"widget\" data-widget_type=\"ssd_button_group.default\">\n\t\t\t\t<div class=\"elementor-widget-container\">\n\t\t\t\t\t\t\t\t<div class=\"elementor-button-group-flex-container\">\r\n\t\t\t\t\t\t\t<div class=\"elementor-button-wrapper elementor-element elementor-button-minimal elementor-repeater-item-26f1503\">\r\n\t\t\t\t\t<a href=\"https:\/\/juliannadiale.com\/index.php\/patience-contact\/\" class=\"elementor-button-link elementor-button elementor-size-md\" role=\"button\">\r\n\t\t\t\t\t\t\t\t<span class=\"elementor-button-content-wrapper\">\r\n\t\t\t\t\t\t<span class=\"elementor-button-icon elementor-align-icon-left\">\r\n\t\t\t\t<i class=\"fa fa-envelope\" aria-hidden=\"true\"><\/i>\r\n\t\t\t<\/span>\r\n\t\t\t\t\t\t<span class=\"elementor-button-text\">Contacter \u00c9l\u00e9anore<\/span>\r\n\t\t<\/span>\r\n\t\t\t\t\t\t\t<\/a>\r\n\t\t\t\t<\/div>\r\n\t\t\t\t\t\t\t<\/div>\r\n\t\t\t\t\t\t\t<\/div>\n\t\t\t\t<\/div>\n\t\t\t\t<div class=\"elementor-element elementor-element-32e90220 elementor-hidden-desktop elementor-hidden-tablet elementor-hidden-phone elementor-shape-rounded elementor-grid-0 e-grid-align-center elementor-widget elementor-widget-social-icons\" data-id=\"32e90220\" data-element_type=\"widget\" data-e-type=\"widget\" data-widget_type=\"social-icons.default\">\n\t\t\t\t<div class=\"elementor-widget-container\">\n\t\t\t\t\t\t\t<div class=\"elementor-social-icons-wrapper elementor-grid\" role=\"list\">\n\t\t\t\t\t\t\t<span class=\"elementor-grid-item\" role=\"listitem\">\n\t\t\t\t\t<a class=\"elementor-icon elementor-social-icon elementor-social-icon-facebook elementor-repeater-item-5d99347\" href=\"https:\/\/www.facebook.com\/JuliannaDialeOfficiel\" target=\"_blank\">\n\t\t\t\t\t\t<span class=\"elementor-screen-only\">Facebook<\/span>\n\t\t\t\t\t\t<i aria-hidden=\"true\" class=\"fab fa-facebook\"><\/i>\t\t\t\t\t<\/a>\n\t\t\t\t<\/span>\n\t\t\t\t\t\t\t<span class=\"elementor-grid-item\" role=\"listitem\">\n\t\t\t\t\t<a class=\"elementor-icon elementor-social-icon elementor-social-icon-twitter elementor-repeater-item-2322a3f\" href=\"https:\/\/twitter.com\/JuliannaDiale\" target=\"_blank\">\n\t\t\t\t\t\t<span class=\"elementor-screen-only\">Twitter<\/span>\n\t\t\t\t\t\t<i aria-hidden=\"true\" class=\"fab fa-twitter\"><\/i>\t\t\t\t\t<\/a>\n\t\t\t\t<\/span>\n\t\t\t\t\t\t\t<span class=\"elementor-grid-item\" role=\"listitem\">\n\t\t\t\t\t<a class=\"elementor-icon elementor-social-icon elementor-social-icon-instagram elementor-repeater-item-348cc6a\" href=\"https:\/\/www.instagram.com\/juliannadialeofficiel\/\" target=\"_blank\">\n\t\t\t\t\t\t<span class=\"elementor-screen-only\">Instagram<\/span>\n\t\t\t\t\t\t<i aria-hidden=\"true\" class=\"fab fa-instagram\"><\/i>\t\t\t\t\t<\/a>\n\t\t\t\t<\/span>\n\t\t\t\t\t<\/div>\n\t\t\t\t\t\t<\/div>\n\t\t\t\t<\/div>\n\t\t\t\t\t<\/div>\n\t\t<\/div>\n\t\t\t\t\t<\/div>\n\t\t<\/section>\n\t\t\t\t<section class=\"elementor-section elementor-inner-section elementor-element elementor-element-5692e14 elementor-section-boxed elementor-section-height-default elementor-section-height-default\" data-id=\"5692e14\" data-element_type=\"section\" data-e-type=\"section\" data-settings=\"{&quot;_ha_eqh_enable&quot;:false}\">\n\t\t\t\t\t\t<div class=\"elementor-container elementor-column-gap-default\">\n\t\t\t\t\t<div class=\"elementor-column elementor-col-100 elementor-inner-column elementor-element elementor-element-0ee6f38\" data-id=\"0ee6f38\" data-element_type=\"column\" data-e-type=\"column\">\n\t\t\t<div class=\"elementor-widget-wrap elementor-element-populated\">\n\t\t\t\t\t\t<div class=\"elementor-element elementor-element-b50cc7d elementor-widget elementor-widget-copyright\" data-id=\"b50cc7d\" data-element_type=\"widget\" data-e-type=\"widget\" data-settings=\"{&quot;align&quot;:&quot;center&quot;}\" data-widget_type=\"copyright.default\">\n\t\t\t\t<div class=\"elementor-widget-container\">\n\t\t\t\t\t\t\t<div class=\"hfe-copyright-wrapper\">\n\t\t\t\t\t\t\t<a href=\"https:\/\/juliannadiale.com\/\">\n\t\t\t\t\t<span>Copyright \u00a9 2026 - Les enqu\u00eates de Julianna Diale<\/span>\n\t\t\t\t<\/a>\n\t\t\t\t\t<\/div>\n\t\t\t\t\t\t<\/div>\n\t\t\t\t<\/div>\n\t\t\t\t<div class=\"elementor-element elementor-element-a5747c7 elementor-widget elementor-widget-text-editor\" data-id=\"a5747c7\" data-element_type=\"widget\" data-e-type=\"widget\" data-widget_type=\"text-editor.default\">\n\t\t\t\t<div class=\"elementor-widget-container\">\n\t\t\t\t\t\t\t\t\t<p style=\"text-align: center;\"><span style=\"color: #ffffff;\"><a style=\"color: #ffffff;\" href=\"https:\/\/juliannadiale.com\/index.php\/mentions-legales\/\">Mentions l\u00e9gales<\/a><\/span><\/p>\t\t\t\t\t\t\t\t<\/div>\n\t\t\t\t<\/div>\n\t\t\t\t\t<\/div>\n\t\t<\/div>\n\t\t\t\t\t<\/div>\n\t\t<\/section>\n\t\t\t\t\t<\/div>\n\t\t<\/div>\n\t\t\t\t\t<\/div>\n\t\t<\/section>\n\t\t\t\t<\/div>\n\t\t","protected":false},"excerpt":{"rendered":"<p>Julianna Diale Hello&nbsp;! Bienvenue dans mon monde&#8230; ou presque&nbsp;! Je m&rsquo;appelle \u00c9l\u00e9anore Dr\u00e9ant, et j&rsquo;\u00e9cris des romans ou des nouvelles depuis que je sais tenir&#8230;<\/p>\n","protected":false},"author":1,"featured_media":1859,"parent":0,"menu_order":0,"comment_status":"closed","ping_status":"closed","template":"elementor_canvas","meta":{"advanced_seo_description":"","jetpack_seo_html_title":"","jetpack_seo_noindex":false,"footnotes":"","_wp_rev_ctl_limit":""},"class_list":["post-2691","page","type-page","status-publish","has-post-thumbnail","hentry"],"jetpack_shortlink":"https:\/\/wp.me\/PbG39b-Hp","jetpack_sharing_enabled":true,"_links":{"self":[{"href":"https:\/\/juliannadiale.com\/index.php\/wp-json\/wp\/v2\/pages\/2691","targetHints":{"allow":["GET"]}}],"collection":[{"href":"https:\/\/juliannadiale.com\/index.php\/wp-json\/wp\/v2\/pages"}],"about":[{"href":"https:\/\/juliannadiale.com\/index.php\/wp-json\/wp\/v2\/types\/page"}],"author":[{"embeddable":true,"href":"https:\/\/juliannadiale.com\/index.php\/wp-json\/wp\/v2\/users\/1"}],"replies":[{"embeddable":true,"href":"https:\/\/juliannadiale.com\/index.php\/wp-json\/wp\/v2\/comments?post=2691"}],"version-history":[{"count":0,"href":"https:\/\/juliannadiale.com\/index.php\/wp-json\/wp\/v2\/pages\/2691\/revisions"}],"wp:featuredmedia":[{"embeddable":true,"href":"https:\/\/juliannadiale.com\/index.php\/wp-json\/wp\/v2\/media\/1859"}],"wp:attachment":[{"href":"https:\/\/juliannadiale.com\/index.php\/wp-json\/wp\/v2\/media?parent=2691"}],"curies":[{"name":"wp","href":"https:\/\/api.w.org\/{rel}","templated":true}]}}